{"id":2,"date":"2016-05-10T03:48:21","date_gmt":"2016-05-10T03:48:21","guid":{"rendered":"http:\/\/menkuec.de\/?page_id=2"},"modified":"2020-08-30T18:21:12","modified_gmt":"2020-08-30T18:21:12","slug":"sample-page","status":"publish","type":"page","link":"https:\/\/www.menkuec.de\/","title":{"rendered":""},"content":{"rendered":"\n<p style=\"text-align:left\"><strong><a>Unsere R\u00e4umlichkeiten<\/a><\/strong>  <br>Die Kindertagespflege im Walnussgarten liegt in einem ruhigen Wohngebiet im Dortmunder Ortsteil Nette. In der oberen Etage des Hauses sind die R\u00e4umlichkeiten der Kindertagespflege. Hier gibt es eine K\u00fcche zum Backen, Kochen, Basteln, Malen und gemeinsamen Essen. <br><img loading=\"lazy\" width=\"4928\" height=\"3264\" class=\"wp-image-115\" style=\"width: 400px;\" src=\"https:\/\/menkuec.de\/wp-content\/uploads\/2020\/07\/DSC_5903-kueche.jpg\" alt=\"\" srcset=\"https:\/\/www.menkuec.de\/wp-content\/uploads\/2020\/07\/DSC_5903-kueche.jpg 4928w, https:\/\/www.menkuec.de\/wp-content\/uploads\/2020\/07\/DSC_5903-kueche-300x199.jpg 300w, https:\/\/www.menkuec.de\/wp-content\/uploads\/2020\/07\/DSC_5903-kueche-768x509.jpg 768w, https:\/\/www.menkuec.de\/wp-content\/uploads\/2020\/07\/DSC_5903-kueche-1024x678.jpg 1024w, https:\/\/www.menkuec.de\/wp-content\/uploads\/2020\/07\/DSC_5903-kueche-500x330.jpg 500w\" sizes=\"(max-width: 4928px) 100vw, 4928px\" \/><br>Ein Badezimmer f\u00fcr den Toilettengang, H\u00e4nde waschen und Z\u00e4hneputzen. <br>Ein Spielzimmer, wo wir uns zu kleinen Reigen bewegen, Geschichten h\u00f6ren, Puppenspiele sehen. <br><img loading=\"lazy\" width=\"4928\" height=\"3264\" class=\"wp-image-111\" style=\"width: 400px;\" src=\"https:\/\/menkuec.de\/wp-content\/uploads\/2020\/07\/DSC_5433-spiel.jpg\" alt=\"\" srcset=\"https:\/\/www.menkuec.de\/wp-content\/uploads\/2020\/07\/DSC_5433-spiel.jpg 4928w, https:\/\/www.menkuec.de\/wp-content\/uploads\/2020\/07\/DSC_5433-spiel-300x199.jpg 300w, https:\/\/www.menkuec.de\/wp-content\/uploads\/2020\/07\/DSC_5433-spiel-768x509.jpg 768w, https:\/\/www.menkuec.de\/wp-content\/uploads\/2020\/07\/DSC_5433-spiel-1024x678.jpg 1024w, https:\/\/www.menkuec.de\/wp-content\/uploads\/2020\/07\/DSC_5433-spiel-500x330.jpg 500w\" sizes=\"(max-width: 4928px) 100vw, 4928px\" \/><br>Ein Spiel-Schlafraum und einen Schlaf-Wickelraum.  <br><img loading=\"lazy\" width=\"4928\" height=\"3264\" class=\"wp-image-116\" style=\"width: 400px;\" src=\"https:\/\/menkuec.de\/wp-content\/uploads\/2020\/07\/DSC_5966-schlafzimmer.jpg\" alt=\"\" srcset=\"https:\/\/www.menkuec.de\/wp-content\/uploads\/2020\/07\/DSC_5966-schlafzimmer.jpg 4928w, https:\/\/www.menkuec.de\/wp-content\/uploads\/2020\/07\/DSC_5966-schlafzimmer-300x199.jpg 300w, https:\/\/www.menkuec.de\/wp-content\/uploads\/2020\/07\/DSC_5966-schlafzimmer-768x509.jpg 768w, https:\/\/www.menkuec.de\/wp-content\/uploads\/2020\/07\/DSC_5966-schlafzimmer-1024x678.jpg 1024w, https:\/\/www.menkuec.de\/wp-content\/uploads\/2020\/07\/DSC_5966-schlafzimmer-500x330.jpg 500w\" sizes=\"(max-width: 4928px) 100vw, 4928px\" \/><br><img loading=\"lazy\" width=\"4928\" height=\"3264\" class=\"wp-image-117\" style=\"width: 400px;\" src=\"https:\/\/menkuec.de\/wp-content\/uploads\/2020\/07\/DSC_5971-wickel.jpg\" alt=\"\" srcset=\"https:\/\/www.menkuec.de\/wp-content\/uploads\/2020\/07\/DSC_5971-wickel.jpg 4928w, https:\/\/www.menkuec.de\/wp-content\/uploads\/2020\/07\/DSC_5971-wickel-300x199.jpg 300w, https:\/\/www.menkuec.de\/wp-content\/uploads\/2020\/07\/DSC_5971-wickel-768x509.jpg 768w, https:\/\/www.menkuec.de\/wp-content\/uploads\/2020\/07\/DSC_5971-wickel-1024x678.jpg 1024w, https:\/\/www.menkuec.de\/wp-content\/uploads\/2020\/07\/DSC_5971-wickel-500x330.jpg 500w\" sizes=\"(max-width: 4928px) 100vw, 4928px\" \/><\/p>\n\n\n\n<p><div id=\"umgebung\"><strong><a>Umgebung<\/a><\/strong>  <br>Das Haus hat einen Vor-und Hintergarten mit einem gro\u00dfen Walnussbaum. Viel Rasen, Blumen, Obstb\u00e4umen und Orten zum Verweilen. In der nahe gelegenen Umgebung gibt es Spielpl\u00e4tze, Wiesen, Felder und Wege f\u00fcr unsere Spazierg\u00e4nge.<br><img loading=\"lazy\" width=\"4928\" height=\"3264\" class=\"wp-image-43\" style=\"width: 400px;\" src=\"https:\/\/menkuec.de\/wp-content\/uploads\/2020\/07\/umgebung-3.jpg\" alt=\"\" srcset=\"https:\/\/www.menkuec.de\/wp-content\/uploads\/2020\/07\/umgebung-3.jpg 4928w, https:\/\/www.menkuec.de\/wp-content\/uploads\/2020\/07\/umgebung-3-300x199.jpg 300w, https:\/\/www.menkuec.de\/wp-content\/uploads\/2020\/07\/umgebung-3-768x509.jpg 768w, https:\/\/www.menkuec.de\/wp-content\/uploads\/2020\/07\/umgebung-3-1024x678.jpg 1024w, https:\/\/www.menkuec.de\/wp-content\/uploads\/2020\/07\/umgebung-3-500x330.jpg 500w\" sizes=\"(max-width: 4928px) 100vw, 4928px\" \/><img loading=\"lazy\" width=\"2816\" height=\"2112\" class=\"wp-image-45\" style=\"width: 400px;\" src=\"https:\/\/menkuec.de\/wp-content\/uploads\/2020\/07\/umgebung-2.jpg\" alt=\"\" srcset=\"https:\/\/www.menkuec.de\/wp-content\/uploads\/2020\/07\/umgebung-2.jpg 2816w, https:\/\/www.menkuec.de\/wp-content\/uploads\/2020\/07\/umgebung-2-300x225.jpg 300w, https:\/\/www.menkuec.de\/wp-content\/uploads\/2020\/07\/umgebung-2-768x576.jpg 768w, https:\/\/www.menkuec.de\/wp-content\/uploads\/2020\/07\/umgebung-2-1024x768.jpg 1024w, https:\/\/www.menkuec.de\/wp-content\/uploads\/2020\/07\/umgebung-2-1140x855.jpg 1140w\" sizes=\"(max-width: 2816px) 100vw, 2816px\" \/><img loading=\"lazy\" width=\"2816\" height=\"2112\" class=\"wp-image-57\" style=\"width: 400px;\" src=\"https:\/\/menkuec.de\/wp-content\/uploads\/2020\/07\/Umgebung.jpg\" alt=\"\" srcset=\"https:\/\/www.menkuec.de\/wp-content\/uploads\/2020\/07\/Umgebung.jpg 2816w, https:\/\/www.menkuec.de\/wp-content\/uploads\/2020\/07\/Umgebung-300x225.jpg 300w, https:\/\/www.menkuec.de\/wp-content\/uploads\/2020\/07\/Umgebung-768x576.jpg 768w, https:\/\/www.menkuec.de\/wp-content\/uploads\/2020\/07\/Umgebung-1024x768.jpg 1024w, https:\/\/www.menkuec.de\/wp-content\/uploads\/2020\/07\/Umgebung-1140x855.jpg 1140w\" sizes=\"(max-width: 2816px) 100vw, 2816px\" \/> <\/div><\/p>\n\n\n\n<p><div id=\"ernaehrung\"><strong><a>Ern\u00e4hrung<\/a><\/strong>  <br>In der Ern\u00e4hrung achte ich auf ausgewogene, reichhaltige, biologische Kost, die t\u00e4glich frisch zubereitet wird. <img loading=\"lazy\" width=\"4128\" height=\"3096\" class=\"wp-image-77\" style=\"width: 400px;\" src=\"https:\/\/menkuec.de\/wp-content\/uploads\/2020\/07\/Ern\u00e4hrung_k.jpg\" alt=\"\" srcset=\"https:\/\/www.menkuec.de\/wp-content\/uploads\/2020\/07\/Ern\u00e4hrung_k.jpg 4128w, https:\/\/www.menkuec.de\/wp-content\/uploads\/2020\/07\/Ern\u00e4hrung_k-300x225.jpg 300w, https:\/\/www.menkuec.de\/wp-content\/uploads\/2020\/07\/Ern\u00e4hrung_k-768x576.jpg 768w, https:\/\/www.menkuec.de\/wp-content\/uploads\/2020\/07\/Ern\u00e4hrung_k-1024x768.jpg 1024w\" sizes=\"(max-width: 4128px) 100vw, 4128px\" \/><img loading=\"lazy\" width=\"3096\" height=\"4128\" class=\"wp-image-79\" style=\"width: 400px;\" src=\"https:\/\/menkuec.de\/wp-content\/uploads\/2020\/07\/Ern\u00e4hrung-2_k.jpg\" alt=\"\" srcset=\"https:\/\/www.menkuec.de\/wp-content\/uploads\/2020\/07\/Ern\u00e4hrung-2_k.jpg 3096w, https:\/\/www.menkuec.de\/wp-content\/uploads\/2020\/07\/Ern\u00e4hrung-2_k-225x300.jpg 225w, https:\/\/www.menkuec.de\/wp-content\/uploads\/2020\/07\/Ern\u00e4hrung-2_k-768x1024.jpg 768w, https:\/\/www.menkuec.de\/wp-content\/uploads\/2020\/07\/Ern\u00e4hrung-2_k-1140x1520.jpg 1140w\" sizes=\"(max-width: 3096px) 100vw, 3096px\" \/> <\/div><\/p>\n\n\n\n<p><\/p>\n\n\n\n<p><div id=\"ansatz\"><strong><a>Mein p\u00e4dagogischer Ansatz<\/a><\/strong><br>Meine Ziele in der t\u00e4glichen Arbeit beruhen auf der Waldorfp\u00e4dagogik. Sie liegen in der F\u00f6rderung der k\u00f6rperlichen, seelischen und geistigen Entwicklung eines jeden Kindes.  <img loading=\"lazy\" width=\"2816\" height=\"2112\" class=\"wp-image-49\" style=\"width: 400px;\" src=\"https:\/\/menkuec.de\/wp-content\/uploads\/2020\/07\/mein-p\u00e4dagogischer-Ansatz-meine-Ziele-in-der-t\u00e4glichen-Arbeit-3.jpg\" alt=\"\" srcset=\"https:\/\/www.menkuec.de\/wp-content\/uploads\/2020\/07\/mein-p\u00e4dagogischer-Ansatz-meine-Ziele-in-der-t\u00e4glichen-Arbeit-3.jpg 2816w, https:\/\/www.menkuec.de\/wp-content\/uploads\/2020\/07\/mein-p\u00e4dagogischer-Ansatz-meine-Ziele-in-der-t\u00e4glichen-Arbeit-3-300x225.jpg 300w, https:\/\/www.menkuec.de\/wp-content\/uploads\/2020\/07\/mein-p\u00e4dagogischer-Ansatz-meine-Ziele-in-der-t\u00e4glichen-Arbeit-3-768x576.jpg 768w, https:\/\/www.menkuec.de\/wp-content\/uploads\/2020\/07\/mein-p\u00e4dagogischer-Ansatz-meine-Ziele-in-der-t\u00e4glichen-Arbeit-3-1024x768.jpg 1024w, https:\/\/www.menkuec.de\/wp-content\/uploads\/2020\/07\/mein-p\u00e4dagogischer-Ansatz-meine-Ziele-in-der-t\u00e4glichen-Arbeit-3-1140x855.jpg 1140w\" sizes=\"(max-width: 2816px) 100vw, 2816px\" \/><img loading=\"lazy\" width=\"2816\" height=\"2112\" class=\"wp-image-65\" style=\"width: 400px;\" src=\"https:\/\/menkuec.de\/wp-content\/uploads\/2020\/07\/mein-p\u00e4dagogischer-Ansatz-meine-Ziele-in-der-t\u00e4glichen-Arbeit-2.jpg\" alt=\"\" srcset=\"https:\/\/www.menkuec.de\/wp-content\/uploads\/2020\/07\/mein-p\u00e4dagogischer-Ansatz-meine-Ziele-in-der-t\u00e4glichen-Arbeit-2.jpg 2816w, https:\/\/www.menkuec.de\/wp-content\/uploads\/2020\/07\/mein-p\u00e4dagogischer-Ansatz-meine-Ziele-in-der-t\u00e4glichen-Arbeit-2-300x225.jpg 300w, https:\/\/www.menkuec.de\/wp-content\/uploads\/2020\/07\/mein-p\u00e4dagogischer-Ansatz-meine-Ziele-in-der-t\u00e4glichen-Arbeit-2-768x576.jpg 768w, https:\/\/www.menkuec.de\/wp-content\/uploads\/2020\/07\/mein-p\u00e4dagogischer-Ansatz-meine-Ziele-in-der-t\u00e4glichen-Arbeit-2-1024x768.jpg 1024w, https:\/\/www.menkuec.de\/wp-content\/uploads\/2020\/07\/mein-p\u00e4dagogischer-Ansatz-meine-Ziele-in-der-t\u00e4glichen-Arbeit-2-1140x855.jpg 1140w\" sizes=\"(max-width: 2816px) 100vw, 2816px\" \/> <br>Unsere R\u00e4umlichkeiten sind so gestaltet, dass das Kind sich frei und absichtslos spielend mit der Welt verbinden kann. Zu meinen Tagesrhythmus geh\u00f6rt eine Freispielzeit in der Natur, um die Bewegung auf nat\u00fcrliche Art zu f\u00f6rdern. \n<br>\n<img class=\"wp-image-50\" style=\"width: 400px;\" src=\"https:\/\/menkuec.de\/wp-content\/uploads\/2020\/07\/DSC_5701.jpg\" alt=\"\">\n<br>\n<img class=\"wp-image-50\" style=\"width: 400px;\" src=\"https:\/\/menkuec.de\/wp-content\/uploads\/2020\/07\/DSC_5717.jpg\" alt=\"\">\n<br>\nDie sprachliche Entwicklung rege ich unter anderem durch Lieder, Puppen- und Fingerspiele, rhythmische Geschichten und Reigen an.\n<br>\n<img loading=\"lazy\" width=\"2448\" height=\"3264\" class=\"wp-image-50\" style=\"width: 400px;\" src=\"https:\/\/menkuec.de\/wp-content\/uploads\/2020\/07\/mein-p\u00e4dagogischer-Ansatz-2Die-sprachliche-Entwicklung.....jpg\" alt=\"\" srcset=\"https:\/\/www.menkuec.de\/wp-content\/uploads\/2020\/07\/mein-p\u00e4dagogischer-Ansatz-2Die-sprachliche-Entwicklung.....jpg 2448w, https:\/\/www.menkuec.de\/wp-content\/uploads\/2020\/07\/mein-p\u00e4dagogischer-Ansatz-2Die-sprachliche-Entwicklung....-225x300.jpg 225w, https:\/\/www.menkuec.de\/wp-content\/uploads\/2020\/07\/mein-p\u00e4dagogischer-Ansatz-2Die-sprachliche-Entwicklung....-768x1024.jpg 768w, https:\/\/www.menkuec.de\/wp-content\/uploads\/2020\/07\/mein-p\u00e4dagogischer-Ansatz-2Die-sprachliche-Entwicklung....-1140x1520.jpg 1140w\" sizes=\"(max-width: 2448px) 100vw, 2448px\" \/><br>\nIn unserem Alltag erleben die Kinder den Rhythmus des Tages, der Woche und des Jahres. Durch das t\u00e4gliche Miteinander erlernen die Kinder das Leben in der kleinen Gruppe mit ihren Regeln und Gewohnheiten und erwerben dadurch soziale und emotionale Kompetenzen. <\/div><\/p>\n\n\n\n<p> <div id=\"ueber\"><strong><a>\u00dcber mich<\/a><\/strong> <br> <img loading=\"lazy\" width=\"4928\" height=\"3264\" class=\"wp-image-58\" style=\"width: 400px;\" src=\"https:\/\/menkuec.de\/wp-content\/uploads\/2020\/07\/\u00fcber-mich.jpg\" alt=\"\" srcset=\"https:\/\/www.menkuec.de\/wp-content\/uploads\/2020\/07\/\u00fcber-mich.jpg 4928w, https:\/\/www.menkuec.de\/wp-content\/uploads\/2020\/07\/\u00fcber-mich-300x199.jpg 300w, https:\/\/www.menkuec.de\/wp-content\/uploads\/2020\/07\/\u00fcber-mich-768x509.jpg 768w, https:\/\/www.menkuec.de\/wp-content\/uploads\/2020\/07\/\u00fcber-mich-1024x678.jpg 1024w, https:\/\/www.menkuec.de\/wp-content\/uploads\/2020\/07\/\u00fcber-mich-500x330.jpg 500w\" sizes=\"(max-width: 4928px) 100vw, 4928px\" \/> <br>Mein Name ist Marita Menk\u00fcc, ich bin staatlich gepr\u00fcfte Waldorferzieherin. Nach meiner Ausbildung habe ich sieben Jahre als Gruppenleiterin und sechs Jahre als Leiterin in einem eingruppigen Waldorf-Kindergarten gearbeitet. In meiner Kindertagespflege \u201eIm Walnussgarten\u201c betreue ich seit elf Jahren zusammen mit meiner Mitarbeiterin maximal f\u00fcnf Kinder von null Jahren bis zum Kindergarteneintritt. Die Betreuungszeiten sind Montags bis freitags von 7.00 bis 16.30 Uhr. Sie k\u00f6nnen mich unter marita@menkuec.de oder 0231-350707 erreichen.  <\/div><\/p>\n\n\n\n<p><br><br><br><a href=\"http:\/\/menkuec.de\/?page_id=124\">Impressum<\/a><\/p>\n","protected":false},"excerpt":{"rendered":"<p>Unsere R\u00e4umlichkeiten Die Kindertagespflege im Walnussgarten liegt in einem ruhigen Wohngebiet im Dortmunder Ortsteil Nette. In der oberen Etage des Hauses sind die R\u00e4umlichkeiten der Kindertagespflege. Hier gibt es eine K\u00fcche zum Backen, Kochen, Basteln, Malen und gemeinsamen Essen. Ein Badezimmer f\u00fcr den Toilettengang, H\u00e4nde waschen und Z\u00e4hneputzen. Ein Spielzimmer, wo wir uns zu kleinen Reigen bewegen, Geschichten h\u00f6ren, Puppenspiele sehen. Ein Spiel-Schlafraum und einen Schlaf-Wickelraum. Umgebung Das Haus hat einen Vor-und Hintergarten mit einem gro\u00dfen Walnussbaum. Viel Rasen, Blumen, Obstb\u00e4umen und Orten zum Verweilen. In der nahe gelegenen Umgebung gibt es Spielpl\u00e4tze, Wiesen, Felder und Wege f\u00fcr unsere Spazierg\u00e4nge. Ern\u00e4hrung In der Ern\u00e4hrung achte ich auf ausgewogene, reichhaltige, biologische Kost, die t\u00e4glich frisch zubereitet wird. Mein p\u00e4dagogischer AnsatzMeine Ziele in der t\u00e4glichen Arbeit beruhen auf der Waldorfp\u00e4dagogik. Sie liegen in der F\u00f6rderung der k\u00f6rperlichen, seelischen und geistigen Entwicklung eines jeden Kindes. Unsere R\u00e4umlichkeiten sind so gestaltet, dass das Kind sich frei und absichtslos spielend mit der Welt verbinden kann. Zu meinen Tagesrhythmus geh\u00f6rt eine Freispielzeit in der Natur, um die Bewegung auf nat\u00fcrliche Art zu f\u00f6rdern. Die sprachliche Entwicklung rege ich unter anderem durch Lieder, Puppen- und Fingerspiele, rhythmische Geschichten und Reigen an. In unserem Alltag erleben die Kinder den Rhythmus des Tages, der Woche und des Jahres. Durch das t\u00e4gliche Miteinander erlernen die Kinder das Leben in der kleinen Gruppe mit ihren Regeln und Gewohnheiten und erwerben dadurch soziale und emotionale Kompetenzen. \u00dcber mich Mein Name ist Marita Menk\u00fcc, ich bin staatlich gepr\u00fcfte Waldorferzieherin. Nach meiner Ausbildung habe ich sieben Jahre als Gruppenleiterin und sechs Jahre als Leiterin in einem eingruppigen Waldorf-Kindergarten gearbeitet. In meiner Kindertagespflege \u201eIm Walnussgarten\u201c betreue ich seit elf Jahren zusammen mit meiner Mitarbeiterin maximal f\u00fcnf Kinder von null Jahren bis zum Kindergarteneintritt. Die Betreuungszeiten sind Montags bis freitags von 7.00 bis 16.30 Uhr. Sie k\u00f6nnen mich unter marita@menkuec.de oder 0231-350707 erreichen. Impressum<\/p>\n","protected":false},"author":1,"featured_media":0,"parent":0,"menu_order":0,"comment_status":"closed","ping_status":"open","template":"","meta":[],"_links":{"self":[{"href":"https:\/\/www.menkuec.de\/index.php?rest_route=\/wp\/v2\/pages\/2"}],"collection":[{"href":"https:\/\/www.menkuec.de\/index.php?rest_route=\/wp\/v2\/pages"}],"about":[{"href":"https:\/\/www.menkuec.de\/index.php?rest_route=\/wp\/v2\/types\/page"}],"author":[{"embeddable":true,"href":"https:\/\/www.menkuec.de\/index.php?rest_route=\/wp\/v2\/users\/1"}],"replies":[{"embeddable":true,"href":"https:\/\/www.menkuec.de\/index.php?rest_route=%2Fwp%2Fv2%2Fcomments&post=2"}],"version-history":[{"count":52,"href":"https:\/\/www.menkuec.de\/index.php?rest_route=\/wp\/v2\/pages\/2\/revisions"}],"predecessor-version":[{"id":133,"href":"https:\/\/www.menkuec.de\/index.php?rest_route=\/wp\/v2\/pages\/2\/revisions\/133"}],"wp:attachment":[{"href":"https:\/\/www.menkuec.de\/index.php?rest_route=%2Fwp%2Fv2%2Fmedia&parent=2"}],"curies":[{"name":"wp","href":"https:\/\/api.w.org\/{rel}","templated":true}]}}